{"id":1629,"date":"2024-03-28T15:04:21","date_gmt":"2024-03-28T14:04:21","guid":{"rendered":"https:\/\/www.spoldzielniarownosc.pl\/lunch-biznesowy\/"},"modified":"2024-04-04T11:11:24","modified_gmt":"2024-04-04T09:11:24","slug":"business-lunch","status":"publish","type":"page","link":"https:\/\/www.spoldzielniarownosc.pl\/en\/offer\/corporate-catering\/business-lunch\/","title":{"rendered":"Business lunch"},"content":{"rendered":"\t\t<div data-elementor-type=\"wp-page\" data-elementor-id=\"1629\" class=\"elementor elementor-1629 elementor-717\">\n\t\t\t\t\t\t<section class=\"elementor-section elementor-top-section elementor-element elementor-element-f126f14 elementor-section-boxed elementor-section-height-default elementor-section-height-default\" data-id=\"f126f14\" data-element_type=\"section\" data-e-type=\"section\">\n\t\t\t\t\t\t<div class=\"elementor-container elementor-column-gap-default\">\n\t\t\t\t\t<div class=\"elementor-column elementor-col-100 elementor-top-column elementor-element elementor-element-86549d3\" data-id=\"86549d3\" data-element_type=\"column\" data-e-type=\"column\">\n\t\t\t<div class=\"elementor-widget-wrap elementor-element-populated\">\n\t\t\t\t\t\t<div class=\"elementor-element elementor-element-44d63ac elementor-widget elementor-widget-ssr-header\" data-id=\"44d63ac\" data-element_type=\"widget\" data-e-type=\"widget\" data-widget_type=\"ssr-header.default\">\n\t\t\t\t<div class=\"elementor-widget-container\">\n\t\t\t\t\t<section data-type=\"ssr-header\" class=\"ssr-header-section\">\n    <div class=\"container\">\n                    <h1 class=\"h1 title anim-block anim-block-bottom\">Business lunch<\/h1>\n                                <div class=\"subtitle anim-block anim-block-bottom\">with waiter service<\/div>\n                <\/div>\n<\/section>\n\t\t\t\t<\/div>\n\t\t\t\t<\/div>\n\t\t\t\t\t<\/div>\n\t\t<\/div>\n\t\t\t\t\t<\/div>\n\t\t<\/section>\n\t\t\t\t<section class=\"elementor-section elementor-top-section elementor-element elementor-element-45545df elementor-section-boxed elementor-section-height-default elementor-section-height-default\" data-id=\"45545df\" data-element_type=\"section\" data-e-type=\"section\">\n\t\t\t\t\t\t<div class=\"elementor-container elementor-column-gap-default\">\n\t\t\t\t\t<div class=\"elementor-column elementor-col-100 elementor-top-column elementor-element elementor-element-66158e7\" data-id=\"66158e7\" data-element_type=\"column\" data-e-type=\"column\">\n\t\t\t<div class=\"elementor-widget-wrap elementor-element-populated\">\n\t\t\t\t\t\t<div class=\"elementor-element elementor-element-a663a4e elementor-widget elementor-widget-ssr-text-image\" data-id=\"a663a4e\" data-element_type=\"widget\" data-e-type=\"widget\" data-widget_type=\"ssr-text-image.default\">\n\t\t\t\t<div class=\"elementor-widget-container\">\n\t\t\t\t\t<section data-type=\"ssr-text-image\" class=\"ssr-text-image-section img-pos-1 style-2\">\n    <div class=\"container\">\n        <div class=\"grid\">\n                        <div class=\"img-block anim-block anim-block-bottom img-prop-4\">\n\t\t        <img fetchpriority=\"high\" decoding=\"async\" width=\"678\" height=\"452\" src=\"https:\/\/www.spoldzielniarownosc.pl\/wp-content\/uploads\/louis-hansel-wVoP_Q2Bg_A-unsplash-678x452.jpg\" class=\"img\" alt=\"lunch biznesowy krak\u00f3w\" srcset=\"https:\/\/www.spoldzielniarownosc.pl\/wp-content\/uploads\/louis-hansel-wVoP_Q2Bg_A-unsplash-678x452.jpg 678w, https:\/\/www.spoldzielniarownosc.pl\/wp-content\/uploads\/louis-hansel-wVoP_Q2Bg_A-unsplash-1230x820.jpg 1230w, https:\/\/www.spoldzielniarownosc.pl\/wp-content\/uploads\/louis-hansel-wVoP_Q2Bg_A-unsplash-768x512.jpg 768w, https:\/\/www.spoldzielniarownosc.pl\/wp-content\/uploads\/louis-hansel-wVoP_Q2Bg_A-unsplash-1536x1024.jpg 1536w, https:\/\/www.spoldzielniarownosc.pl\/wp-content\/uploads\/louis-hansel-wVoP_Q2Bg_A-unsplash-2048x1365.jpg 2048w, https:\/\/www.spoldzielniarownosc.pl\/wp-content\/uploads\/louis-hansel-wVoP_Q2Bg_A-unsplash-256x171.jpg 256w\" sizes=\"(max-width: 678px) 100vw, 678px\" \/>            <\/div>\n            <div class=\"content anim-block anim-block-top\">\n\t\t        \t\t                            <h4 class=\"h5 subtitle\">Business meeting with a&nbsp;very important client? \u200b<\/h4>\n\t\t\t        \t\t                            <div class=\"text\"><p>With our elegant business lunch you don&#8217;t have to stress! We will rise to the challenge, and your guests will remember the taste of the dishes for a&nbsp;long time.<\/p>\n<\/div>\n\t\t\t        <a class=\"btn type-1\" href=\"https:\/\/www.spoldzielniarownosc.pl\/en\/contact\/\"><span>place order<\/span><\/a>            <\/div>\n        <\/div>\n    <\/div>\n<\/section>\n\t\t\t\t<\/div>\n\t\t\t\t<\/div>\n\t\t\t\t<div class=\"elementor-element elementor-element-9704e2e elementor-widget elementor-widget-ssr-text-image\" data-id=\"9704e2e\" data-element_type=\"widget\" data-e-type=\"widget\" data-widget_type=\"ssr-text-image.default\">\n\t\t\t\t<div class=\"elementor-widget-container\">\n\t\t\t\t\t<section data-type=\"ssr-text-image\" class=\"ssr-text-image-section img-pos-2 style-1\">\n    <div class=\"container\">\n        <div class=\"grid\">\n                        <div class=\"img-block anim-block anim-block-bottom img-prop-4\">\n\t\t        <img decoding=\"async\" width=\"678\" height=\"452\" src=\"https:\/\/www.spoldzielniarownosc.pl\/wp-content\/uploads\/logan-jeffrey-zHve9uYWNBM-unsplash-678x452.jpg\" class=\"img\" alt=\"\" srcset=\"https:\/\/www.spoldzielniarownosc.pl\/wp-content\/uploads\/logan-jeffrey-zHve9uYWNBM-unsplash-678x452.jpg 678w, https:\/\/www.spoldzielniarownosc.pl\/wp-content\/uploads\/logan-jeffrey-zHve9uYWNBM-unsplash-1230x820.jpg 1230w, https:\/\/www.spoldzielniarownosc.pl\/wp-content\/uploads\/logan-jeffrey-zHve9uYWNBM-unsplash-768x512.jpg 768w, https:\/\/www.spoldzielniarownosc.pl\/wp-content\/uploads\/logan-jeffrey-zHve9uYWNBM-unsplash-1536x1024.jpg 1536w, https:\/\/www.spoldzielniarownosc.pl\/wp-content\/uploads\/logan-jeffrey-zHve9uYWNBM-unsplash-2048x1365.jpg 2048w, https:\/\/www.spoldzielniarownosc.pl\/wp-content\/uploads\/logan-jeffrey-zHve9uYWNBM-unsplash-256x171.jpg 256w\" sizes=\"(max-width: 678px) 100vw, 678px\" \/><a class=\"btn type-1\" href=\"#\"><span>See offer<\/span><\/a>            <\/div>\n            <div class=\"content anim-block anim-block-top\">\n\t\t                            <h2 class=\"h3 title\">Important guests - food at the highest level<\/h2>\n\t\t\t        \t\t        \t\t                            <div class=\"text\"><p>Beautiful, artfully served cold appetizers, tasty main courses in aesthetic silver warmers, refined, refined desserts &#8211; these are essential elements for elegantly hosting important people in your office. A&nbsp;business lunch from our catering is a&nbsp;guarantee of satisfied guests who will surely leave the meeting happy. We deliver, arrange the entire table including the setting, prepare aesthetically printed menus &#8211; also in foreign languages, to emphasize the importance of the meeting, we can also provide professional waiter service, and you don&#8217;t have to worry about anything!<\/p>\n<\/div>\n\t\t\t                    <\/div>\n        <\/div>\n    <\/div>\n<\/section>\n\t\t\t\t<\/div>\n\t\t\t\t<\/div>\n\t\t\t\t<div class=\"elementor-element elementor-element-e0d39ab elementor-widget elementor-widget-ssr-cta\" data-id=\"e0d39ab\" data-element_type=\"widget\" data-e-type=\"widget\" data-widget_type=\"ssr-cta.default\">\n\t\t\t\t<div class=\"elementor-widget-container\">\n\t\t\t\t\t<section data-type=\"ssr-cta\" class=\"ssr-cta-section anim-block anim-block-opac\">\n    <div class=\"container\">\n        <div class=\"grid container-in\">\n            <div class=\"content\">\n                                    <h3 class=\"h3 title\">Intrested?<\/h3>\n                                                        <div class=\"text\"><p>If you want to learn more, write to us. We will be happy to advise you which breakfast will be best for you!<\/p>\n<\/div>\n                                <\/div>\n            <div class=\"btns\">\n                <a class=\"btn type-1\" href=\"https:\/\/www.spoldzielniarownosc.pl\/en\/contact\/\"><span>Contact<\/span><\/a>            <\/div>\n            <div class=\"img-block\">\n                <img decoding=\"async\" width=\"676\" height=\"386\" src=\"https:\/\/www.spoldzielniarownosc.pl\/wp-content\/uploads\/cta.jpg\" class=\"img\" alt=\"\" srcset=\"https:\/\/www.spoldzielniarownosc.pl\/wp-content\/uploads\/cta.jpg 676w, https:\/\/www.spoldzielniarownosc.pl\/wp-content\/uploads\/cta-256x146.jpg 256w\" sizes=\"(max-width: 676px) 100vw, 676px\" \/>            <\/div>\n        <\/div>\n    <\/div>\n<\/section>\n\t\t\t\t<\/div>\n\t\t\t\t<\/div>\n\t\t\t\t<div class=\"elementor-element elementor-element-6ac6e89 elementor-widget elementor-widget-ssr-blocks-images\" data-id=\"6ac6e89\" data-element_type=\"widget\" data-e-type=\"widget\" data-widget_type=\"ssr-blocks-images.default\">\n\t\t\t\t<div class=\"elementor-widget-container\">\n\t\t\t\t\t    <section data-type=\"ssr-blocks-images\" class=\"ssr-blocks-images-section\">\n        <div class=\"container\">\n                            <h2 class=\"h1 title anim-block anim-block-top\">See also<\/h2>\n                            <div class=\"blocks\">\n                                        <a class=\"block anim-block anim-block-rev step-0\" href=\"https:\/\/www.spoldzielniarownosc.pl\/en\/offer\/conference-catering\/coffe-break\/\">\n                                                <div class=\"img\">\n                            <img loading=\"lazy\" decoding=\"async\" width=\"418\" height=\"418\" src=\"https:\/\/www.spoldzielniarownosc.pl\/wp-content\/uploads\/serwis-kawowy.jpg\" class=\"img-tag\" alt=\"\" srcset=\"https:\/\/www.spoldzielniarownosc.pl\/wp-content\/uploads\/serwis-kawowy.jpg 418w, https:\/\/www.spoldzielniarownosc.pl\/wp-content\/uploads\/serwis-kawowy-256x256.jpg 256w\" sizes=\"(max-width: 418px) 100vw, 418px\" \/>                        <\/div>\n                                                <span class=\"desc h6\">Coffe break<\/span>\n                                                <\/a>\n                                                                    <a class=\"block anim-block anim-block-rev step-1\" href=\"https:\/\/www.spoldzielniarownosc.pl\/en\/offer\/conference-catering\/lunch\/\">\n                                                <div class=\"img\">\n                            <img loading=\"lazy\" decoding=\"async\" width=\"418\" height=\"418\" src=\"https:\/\/www.spoldzielniarownosc.pl\/wp-content\/uploads\/lunch.jpg\" class=\"img-tag\" alt=\"\" srcset=\"https:\/\/www.spoldzielniarownosc.pl\/wp-content\/uploads\/lunch.jpg 418w, https:\/\/www.spoldzielniarownosc.pl\/wp-content\/uploads\/lunch-256x256.jpg 256w\" sizes=\"(max-width: 418px) 100vw, 418px\" \/>                        <\/div>\n                                                <span class=\"desc h6\">Lunch<\/span>\n                                                <\/a>\n                                                                    <a class=\"block anim-block anim-block-rev step-2\" href=\"https:\/\/www.spoldzielniarownosc.pl\/en\/offer\/corporate-catering\/business-lunch\/\">\n                                                <div class=\"img\">\n                            <img loading=\"lazy\" decoding=\"async\" width=\"418\" height=\"418\" src=\"https:\/\/www.spoldzielniarownosc.pl\/wp-content\/uploads\/lunch-firmowy.jpg\" class=\"img-tag\" alt=\"\" srcset=\"https:\/\/www.spoldzielniarownosc.pl\/wp-content\/uploads\/lunch-firmowy.jpg 418w, https:\/\/www.spoldzielniarownosc.pl\/wp-content\/uploads\/lunch-firmowy-256x256.jpg 256w\" sizes=\"(max-width: 418px) 100vw, 418px\" \/>                        <\/div>\n                                                <span class=\"desc h6\">Business lunch<\/span>\n                                                <\/a>\n                                                                    <a class=\"block anim-block anim-block-rev step-3\" href=\"https:\/\/www.spoldzielniarownosc.pl\/en\/offer\/holiday-catering\/christmas-eve-catering\/\">\n                                                <div class=\"img\">\n                            <img loading=\"lazy\" decoding=\"async\" width=\"418\" height=\"418\" src=\"https:\/\/www.spoldzielniarownosc.pl\/wp-content\/uploads\/wigilijne-menu.jpg\" class=\"img-tag\" alt=\"\" srcset=\"https:\/\/www.spoldzielniarownosc.pl\/wp-content\/uploads\/wigilijne-menu.jpg 418w, https:\/\/www.spoldzielniarownosc.pl\/wp-content\/uploads\/wigilijne-menu-256x256.jpg 256w\" sizes=\"(max-width: 418px) 100vw, 418px\" \/>                        <\/div>\n                                                <span class=\"desc h6\">Christmas menu<\/span>\n                                                <\/a>\n                                                        <\/div>\n        <\/div>\n    <\/section>\n\n    \t\t\t\t<\/div>\n\t\t\t\t<\/div>\n\t\t\t\t\t<\/div>\n\t\t<\/div>\n\t\t\t\t\t<\/div>\n\t\t<\/section>\n\t\t\t\t<\/div>\n\t\t","protected":false},"excerpt":{"rendered":"<p>With our elegant business lunch you don&#8217;t have to stress! We will rise to the challenge.<\/p>\n","protected":false},"author":3,"featured_media":1523,"parent":1651,"menu_order":3,"comment_status":"closed","ping_status":"closed","template":"","meta":{"_acf_changed":false,"footnotes":""},"class_list":["post-1629","page","type-page","status-publish","has-post-thumbnail","hentry"],"acf":[],"yoast_head":"<!-- This site is optimized with the Yoast SEO plugin v27.5 - https:\/\/yoast.com\/product\/yoast-seo-wordpress\/ -->\n<title>Business lunch - Catering dla firm i do domu Krak\u00f3w<\/title>\n<meta name=\"robots\" content=\"index, follow, max-snippet:-1, max-image-preview:large, max-video-preview:-1\" \/>\n<link rel=\"canonical\" href=\"https:\/\/www.spoldzielniarownosc.pl\/en\/offer\/corporate-catering\/business-lunch\/\" \/>\n<meta property=\"og:locale\" content=\"en_US\" \/>\n<meta property=\"og:type\" content=\"article\" \/>\n<meta property=\"og:title\" content=\"Business lunch - Catering dla firm i do domu Krak\u00f3w\" \/>\n<meta property=\"og:description\" content=\"With our elegant business lunch you don&#039;t have to stress! We will rise to the challenge.\" \/>\n<meta property=\"og:url\" content=\"https:\/\/www.spoldzielniarownosc.pl\/en\/offer\/corporate-catering\/business-lunch\/\" \/>\n<meta property=\"og:site_name\" content=\"Catering dla firm i do domu Krak\u00f3w\" \/>\n<meta property=\"article:publisher\" content=\"https:\/\/www.instagram.com\/cateringrownosc\/\" \/>\n<meta property=\"article:modified_time\" content=\"2024-04-04T09:11:24+00:00\" \/>\n<meta property=\"og:image\" content=\"https:\/\/www.spoldzielniarownosc.pl\/wp-content\/uploads\/louis-hansel-wVoP_Q2Bg_A-unsplash-scaled.jpg\" \/>\n\t<meta property=\"og:image:width\" content=\"2560\" \/>\n\t<meta property=\"og:image:height\" content=\"1706\" \/>\n\t<meta property=\"og:image:type\" content=\"image\/jpeg\" \/>\n<meta name=\"twitter:card\" content=\"summary_large_image\" \/>\n<meta name=\"twitter:label1\" content=\"Est. reading time\" \/>\n\t<meta name=\"twitter:data1\" content=\"1 minute\" \/>\n<!-- \/ Yoast SEO plugin. -->","yoast_head_json":{"title":"Business lunch - Catering dla firm i do domu Krak\u00f3w","robots":{"index":"index","follow":"follow","max-snippet":"max-snippet:-1","max-image-preview":"max-image-preview:large","max-video-preview":"max-video-preview:-1"},"canonical":"https:\/\/www.spoldzielniarownosc.pl\/en\/offer\/corporate-catering\/business-lunch\/","og_locale":"en_US","og_type":"article","og_title":"Business lunch - Catering dla firm i do domu Krak\u00f3w","og_description":"With our elegant business lunch you don't have to stress! We will rise to the challenge.","og_url":"https:\/\/www.spoldzielniarownosc.pl\/en\/offer\/corporate-catering\/business-lunch\/","og_site_name":"Catering dla firm i do domu Krak\u00f3w","article_publisher":"https:\/\/www.instagram.com\/cateringrownosc\/","article_modified_time":"2024-04-04T09:11:24+00:00","og_image":[{"width":2560,"height":1706,"url":"https:\/\/www.spoldzielniarownosc.pl\/wp-content\/uploads\/louis-hansel-wVoP_Q2Bg_A-unsplash-scaled.jpg","type":"image\/jpeg"}],"twitter_card":"summary_large_image","twitter_misc":{"Est. reading time":"1 minute"},"schema":{"@context":"https:\/\/schema.org","@graph":[{"@type":"WebPage","@id":"https:\/\/www.spoldzielniarownosc.pl\/en\/offer\/corporate-catering\/business-lunch\/","url":"https:\/\/www.spoldzielniarownosc.pl\/en\/offer\/corporate-catering\/business-lunch\/","name":"Business lunch - Catering dla firm i do domu Krak\u00f3w","isPartOf":{"@id":"https:\/\/www.spoldzielniarownosc.pl\/#website"},"primaryImageOfPage":{"@id":"https:\/\/www.spoldzielniarownosc.pl\/en\/offer\/corporate-catering\/business-lunch\/#primaryimage"},"image":{"@id":"https:\/\/www.spoldzielniarownosc.pl\/en\/offer\/corporate-catering\/business-lunch\/#primaryimage"},"thumbnailUrl":"https:\/\/www.spoldzielniarownosc.pl\/wp-content\/uploads\/louis-hansel-wVoP_Q2Bg_A-unsplash-scaled.jpg","datePublished":"2024-03-28T14:04:21+00:00","dateModified":"2024-04-04T09:11:24+00:00","breadcrumb":{"@id":"https:\/\/www.spoldzielniarownosc.pl\/en\/offer\/corporate-catering\/business-lunch\/#breadcrumb"},"inLanguage":"en-US","potentialAction":[{"@type":"ReadAction","target":["https:\/\/www.spoldzielniarownosc.pl\/en\/offer\/corporate-catering\/business-lunch\/"]}]},{"@type":"ImageObject","inLanguage":"en-US","@id":"https:\/\/www.spoldzielniarownosc.pl\/en\/offer\/corporate-catering\/business-lunch\/#primaryimage","url":"https:\/\/www.spoldzielniarownosc.pl\/wp-content\/uploads\/louis-hansel-wVoP_Q2Bg_A-unsplash-scaled.jpg","contentUrl":"https:\/\/www.spoldzielniarownosc.pl\/wp-content\/uploads\/louis-hansel-wVoP_Q2Bg_A-unsplash-scaled.jpg","width":2560,"height":1706,"caption":"lunch biznesowy krak\u00f3w"},{"@type":"BreadcrumbList","@id":"https:\/\/www.spoldzielniarownosc.pl\/en\/offer\/corporate-catering\/business-lunch\/#breadcrumb","itemListElement":[{"@type":"ListItem","position":1,"name":"Strona g\u0142\u00f3wna","item":"https:\/\/www.spoldzielniarownosc.pl\/en\/"},{"@type":"ListItem","position":2,"name":"Offer","item":"https:\/\/www.spoldzielniarownosc.pl\/en\/offer\/"},{"@type":"ListItem","position":3,"name":"Corporate catering","item":"https:\/\/www.spoldzielniarownosc.pl\/en\/offer\/corporate-catering\/"},{"@type":"ListItem","position":4,"name":"Business lunch"}]},{"@type":"WebSite","@id":"https:\/\/www.spoldzielniarownosc.pl\/#website","url":"https:\/\/www.spoldzielniarownosc.pl\/","name":"Catering Krak\u00f3w","description":"Sp\u00f3\u0142dzielnia Socjalna R\u00f3wno\u015b\u0107","publisher":{"@id":"https:\/\/www.spoldzielniarownosc.pl\/#organization"},"potentialAction":[{"@type":"SearchAction","target":{"@type":"EntryPoint","urlTemplate":"https:\/\/www.spoldzielniarownosc.pl\/?s={search_term_string}"},"query-input":{"@type":"PropertyValueSpecification","valueRequired":true,"valueName":"search_term_string"}}],"inLanguage":"en-US"},{"@type":"Organization","@id":"https:\/\/www.spoldzielniarownosc.pl\/#organization","name":"Sp\u00f3\u0142dzielnia Socjalna R\u00f3wno\u015b\u0107","url":"https:\/\/www.spoldzielniarownosc.pl\/","logo":{"@type":"ImageObject","inLanguage":"en-US","@id":"https:\/\/www.spoldzielniarownosc.pl\/#\/schema\/logo\/image\/","url":"https:\/\/www.spoldzielniarownosc.pl\/wp-content\/uploads\/ssr-symbol-black-scaled.jpg","contentUrl":"https:\/\/www.spoldzielniarownosc.pl\/wp-content\/uploads\/ssr-symbol-black-scaled.jpg","width":1986,"height":2560,"caption":"Sp\u00f3\u0142dzielnia Socjalna R\u00f3wno\u015b\u0107"},"image":{"@id":"https:\/\/www.spoldzielniarownosc.pl\/#\/schema\/logo\/image\/"},"sameAs":["https:\/\/www.instagram.com\/cateringrownosc\/","https:\/\/it.pinterest.com\/cateringrownosc\/"]}]}},"_links":{"self":[{"href":"https:\/\/www.spoldzielniarownosc.pl\/en\/wp-json\/wp\/v2\/pages\/1629","targetHints":{"allow":["GET"]}}],"collection":[{"href":"https:\/\/www.spoldzielniarownosc.pl\/en\/wp-json\/wp\/v2\/pages"}],"about":[{"href":"https:\/\/www.spoldzielniarownosc.pl\/en\/wp-json\/wp\/v2\/types\/page"}],"author":[{"embeddable":true,"href":"https:\/\/www.spoldzielniarownosc.pl\/en\/wp-json\/wp\/v2\/users\/3"}],"replies":[{"embeddable":true,"href":"https:\/\/www.spoldzielniarownosc.pl\/en\/wp-json\/wp\/v2\/comments?post=1629"}],"version-history":[{"count":7,"href":"https:\/\/www.spoldzielniarownosc.pl\/en\/wp-json\/wp\/v2\/pages\/1629\/revisions"}],"predecessor-version":[{"id":2487,"href":"https:\/\/www.spoldzielniarownosc.pl\/en\/wp-json\/wp\/v2\/pages\/1629\/revisions\/2487"}],"up":[{"embeddable":true,"href":"https:\/\/www.spoldzielniarownosc.pl\/en\/wp-json\/wp\/v2\/pages\/1651"}],"wp:featuredmedia":[{"embeddable":true,"href":"https:\/\/www.spoldzielniarownosc.pl\/en\/wp-json\/wp\/v2\/media\/1523"}],"wp:attachment":[{"href":"https:\/\/www.spoldzielniarownosc.pl\/en\/wp-json\/wp\/v2\/media?parent=1629"}],"curies":[{"name":"wp","href":"https:\/\/api.w.org\/{rel}","templated":true}]}}