{"id":1630,"date":"2024-03-28T14:58:35","date_gmt":"2024-03-28T13:58:35","guid":{"rendered":"https:\/\/www.spoldzielniarownosc.pl\/sniadanie\/"},"modified":"2024-04-04T11:26:46","modified_gmt":"2024-04-04T09:26:46","slug":"breakfast","status":"publish","type":"page","link":"https:\/\/www.spoldzielniarownosc.pl\/en\/offer\/corporate-catering\/breakfast\/","title":{"rendered":"Breakfast"},"content":{"rendered":"\t\t<div data-elementor-type=\"wp-page\" data-elementor-id=\"1630\" class=\"elementor elementor-1630 elementor-790\">\n\t\t\t\t\t\t<section class=\"elementor-section elementor-top-section elementor-element elementor-element-f126f14 elementor-section-boxed elementor-section-height-default elementor-section-height-default\" data-id=\"f126f14\" data-element_type=\"section\" data-e-type=\"section\">\n\t\t\t\t\t\t<div class=\"elementor-container elementor-column-gap-default\">\n\t\t\t\t\t<div class=\"elementor-column elementor-col-100 elementor-top-column elementor-element elementor-element-86549d3\" data-id=\"86549d3\" data-element_type=\"column\" data-e-type=\"column\">\n\t\t\t<div class=\"elementor-widget-wrap elementor-element-populated\">\n\t\t\t\t\t\t<div class=\"elementor-element elementor-element-44d63ac elementor-widget elementor-widget-ssr-header\" data-id=\"44d63ac\" data-element_type=\"widget\" data-e-type=\"widget\" data-widget_type=\"ssr-header.default\">\n\t\t\t\t<div class=\"elementor-widget-container\">\n\t\t\t\t\t<section data-type=\"ssr-header\" class=\"ssr-header-section\">\n    <div class=\"container\">\n                    <h1 class=\"h1 title anim-block anim-block-bottom\">Breakfast<\/h1>\n                                <div class=\"subtitle anim-block anim-block-bottom\">with delivery to office<\/div>\n                <\/div>\n<\/section>\n\t\t\t\t<\/div>\n\t\t\t\t<\/div>\n\t\t\t\t\t<\/div>\n\t\t<\/div>\n\t\t\t\t\t<\/div>\n\t\t<\/section>\n\t\t\t\t<section class=\"elementor-section elementor-top-section elementor-element elementor-element-45545df elementor-section-boxed elementor-section-height-default elementor-section-height-default\" data-id=\"45545df\" data-element_type=\"section\" data-e-type=\"section\">\n\t\t\t\t\t\t<div class=\"elementor-container elementor-column-gap-default\">\n\t\t\t\t\t<div class=\"elementor-column elementor-col-100 elementor-top-column elementor-element elementor-element-66158e7\" data-id=\"66158e7\" data-element_type=\"column\" data-e-type=\"column\">\n\t\t\t<div class=\"elementor-widget-wrap elementor-element-populated\">\n\t\t\t\t\t\t<div class=\"elementor-element elementor-element-a663a4e elementor-widget elementor-widget-ssr-text-image\" data-id=\"a663a4e\" data-element_type=\"widget\" data-e-type=\"widget\" data-widget_type=\"ssr-text-image.default\">\n\t\t\t\t<div class=\"elementor-widget-container\">\n\t\t\t\t\t<section data-type=\"ssr-text-image\" class=\"ssr-text-image-section img-pos-1 style-2\">\n    <div class=\"container\">\n        <div class=\"grid\">\n                        <div class=\"img-block anim-block anim-block-bottom img-prop-4\">\n\t\t        <img fetchpriority=\"high\" decoding=\"async\" width=\"678\" height=\"381\" src=\"https:\/\/www.spoldzielniarownosc.pl\/wp-content\/uploads\/catering-korporacyjny-sniadania-1-678x381.jpg\" class=\"img\" alt=\"catering \u015bniadaniowy krak\u00f3w\" srcset=\"https:\/\/www.spoldzielniarownosc.pl\/wp-content\/uploads\/catering-korporacyjny-sniadania-1-678x381.jpg 678w, https:\/\/www.spoldzielniarownosc.pl\/wp-content\/uploads\/catering-korporacyjny-sniadania-1-768x432.jpg 768w, https:\/\/www.spoldzielniarownosc.pl\/wp-content\/uploads\/catering-korporacyjny-sniadania-1-256x144.jpg 256w, https:\/\/www.spoldzielniarownosc.pl\/wp-content\/uploads\/catering-korporacyjny-sniadania-1.jpg 1458w\" sizes=\"(max-width: 678px) 100vw, 678px\" \/>            <\/div>\n            <div class=\"content anim-block anim-block-top\">\n\t\t        \t\t                            <h4 class=\"h5 subtitle\">A breakfast for the office that makes itself? \u200b<\/h4>\n\t\t\t        \t\t                            <div class=\"text\"><p>It&#8217;s possible! Just choose one of our offers, order, and as a&nbsp;result, a&nbsp;healthy, colorful and tasty meal will appear on the table.<\/p>\n<\/div>\n\t\t\t        <a class=\"btn type-1\" href=\"https:\/\/www.spoldzielniarownosc.pl\/en\/contact\/\"><span>Order<\/span><\/a>            <\/div>\n        <\/div>\n    <\/div>\n<\/section>\n\t\t\t\t<\/div>\n\t\t\t\t<\/div>\n\t\t\t\t<div class=\"elementor-element elementor-element-9704e2e elementor-widget elementor-widget-ssr-text-image\" data-id=\"9704e2e\" data-element_type=\"widget\" data-e-type=\"widget\" data-widget_type=\"ssr-text-image.default\">\n\t\t\t\t<div class=\"elementor-widget-container\">\n\t\t\t\t\t<section data-type=\"ssr-text-image\" class=\"ssr-text-image-section img-pos-2 style-1\">\n    <div class=\"container\">\n        <div class=\"grid\">\n                        <div class=\"img-block anim-block anim-block-bottom img-prop-4\">\n\t\t        <img decoding=\"async\" width=\"678\" height=\"508\" src=\"https:\/\/www.spoldzielniarownosc.pl\/wp-content\/uploads\/catering-korporacyjny-sniadania-2-678x508.jpg\" class=\"img\" alt=\"\u015bniadanie do biura krak\u00f3w\" srcset=\"https:\/\/www.spoldzielniarownosc.pl\/wp-content\/uploads\/catering-korporacyjny-sniadania-2-678x508.jpg 678w, https:\/\/www.spoldzielniarownosc.pl\/wp-content\/uploads\/catering-korporacyjny-sniadania-2-768x576.jpg 768w, https:\/\/www.spoldzielniarownosc.pl\/wp-content\/uploads\/catering-korporacyjny-sniadania-2-256x192.jpg 256w, https:\/\/www.spoldzielniarownosc.pl\/wp-content\/uploads\/catering-korporacyjny-sniadania-2.jpg 938w\" sizes=\"(max-width: 678px) 100vw, 678px\" \/>            <\/div>\n            <div class=\"content anim-block anim-block-top\">\n\t\t                            <h2 class=\"h3 title\">Tasty breakfast for the office and more<\/h2>\n\t\t\t        \t\t        \t\t                            <div class=\"text\"><p>A breakfast for the office that makes itself? It&#8217;s possible! Just choose one of our offers, order, and as a&nbsp;result, a&nbsp;healthy and tasty meal will appear on the table for the entire team.<\/p>\n<p>\u00a0<\/p>\n<p>Dietitians and nutrition specialists convince us how important it is to eat meals regularly. A&nbsp;good breakfast is one that gives you a&nbsp;lot of energy for the entire working day. That is why it is considered the most important meal of the day. We offer lunches for groups and other meals, including breakfasts. Take care of your employees and order a&nbsp;morning treat to the office.<\/p>\n<p>\u00a0<\/p>\n<p>Breakfast and coffee are the best start to the working day. Our offer includes a&nbsp;classic menu with cold meats, cheese and vegetables, as well as a&nbsp;sweet menu with chocolate, crispy croissant and seasonal fruit. We will prepare breakfasts for you: Italian, Greek, Spanish and even country breakfasts with regional Polish products. We will deliver the necessary ceramics, cutlery and warmers.<\/p>\n<\/div>\n\t\t\t                    <\/div>\n        <\/div>\n    <\/div>\n<\/section>\n\t\t\t\t<\/div>\n\t\t\t\t<\/div>\n\t\t\t\t<div class=\"elementor-element elementor-element-3b0f988 elementor-widget elementor-widget-ssr-text-image\" data-id=\"3b0f988\" data-element_type=\"widget\" data-e-type=\"widget\" data-widget_type=\"ssr-text-image.default\">\n\t\t\t\t<div class=\"elementor-widget-container\">\n\t\t\t\t\t<section data-type=\"ssr-text-image\" class=\"ssr-text-image-section img-pos-1 style-1\">\n    <div class=\"container\">\n        <div class=\"grid\">\n                        <div class=\"img-block anim-block anim-block-bottom img-prop-4\">\n\t\t        <img decoding=\"async\" width=\"678\" height=\"508\" src=\"https:\/\/www.spoldzielniarownosc.pl\/wp-content\/uploads\/catering-korporacyjny-sniadania-3-678x508.jpg\" class=\"img\" alt=\"\" srcset=\"https:\/\/www.spoldzielniarownosc.pl\/wp-content\/uploads\/catering-korporacyjny-sniadania-3-678x508.jpg 678w, https:\/\/www.spoldzielniarownosc.pl\/wp-content\/uploads\/catering-korporacyjny-sniadania-3-768x576.jpg 768w, https:\/\/www.spoldzielniarownosc.pl\/wp-content\/uploads\/catering-korporacyjny-sniadania-3-256x192.jpg 256w, https:\/\/www.spoldzielniarownosc.pl\/wp-content\/uploads\/catering-korporacyjny-sniadania-3.jpg 938w\" sizes=\"(max-width: 678px) 100vw, 678px\" \/>            <\/div>\n            <div class=\"content anim-block anim-block-top\">\n\t\t                            <h2 class=\"h3 title\">We can prepare something special for you<\/h2>\n\t\t\t        \t\t        \t\t                            <div class=\"text\"><p>Are you afraid of boredom? We can prepare something special for you. Are you dreaming of a&nbsp;breakfast Taco Bar? We definitely say yes! First, there will be meat and grated cheddar. Secondly, delicious salsas made from fresh tomatoes and herbs. Plus lots of vegetable toppings and, above all, crispy tacos!<\/p>\n<p>\u00a0<\/p>\n<p>If you want to go back in time, we will create an office breakfast in the style of a&nbsp;milk bar. There will be cottage cheese with cream and chives, milk soup, hard-boiled egg, scrambled eggs with bacon and even sausage with onion. There will also be sweet omelets with homemade jam or savory ones with ham and chives.<\/p>\n<p>\u00a0<\/p>\n<p>Do you have your own idea for a&nbsp;company breakfast? Or maybe you want to plan cyclical and thematic breakfasts? Write to us and together we will create the perfect menu tailored to your needs and expectations.<\/p>\n<\/div>\n\t\t\t                    <\/div>\n        <\/div>\n    <\/div>\n<\/section>\n\t\t\t\t<\/div>\n\t\t\t\t<\/div>\n\t\t\t\t<div class=\"elementor-element elementor-element-e0d39ab elementor-widget elementor-widget-ssr-cta\" data-id=\"e0d39ab\" data-element_type=\"widget\" data-e-type=\"widget\" data-widget_type=\"ssr-cta.default\">\n\t\t\t\t<div class=\"elementor-widget-container\">\n\t\t\t\t\t<section data-type=\"ssr-cta\" class=\"ssr-cta-section anim-block anim-block-opac\">\n    <div class=\"container\">\n        <div class=\"grid container-in\">\n            <div class=\"content\">\n                                    <h3 class=\"h3 title\">Intrested?<\/h3>\n                                                        <div class=\"text\"><p>If you want to learn more, write to us. We will be happy to advise you which breakfast will be best for you!<\/p>\n<\/div>\n                                <\/div>\n            <div class=\"btns\">\n                <a class=\"btn type-1\" href=\"https:\/\/www.spoldzielniarownosc.pl\/en\/contact\/\"><span>Contact<\/span><\/a>            <\/div>\n            <div class=\"img-block\">\n                <img loading=\"lazy\" decoding=\"async\" width=\"676\" height=\"386\" src=\"https:\/\/www.spoldzielniarownosc.pl\/wp-content\/uploads\/cta.jpg\" class=\"img\" alt=\"\" srcset=\"https:\/\/www.spoldzielniarownosc.pl\/wp-content\/uploads\/cta.jpg 676w, https:\/\/www.spoldzielniarownosc.pl\/wp-content\/uploads\/cta-256x146.jpg 256w\" sizes=\"(max-width: 676px) 100vw, 676px\" \/>            <\/div>\n        <\/div>\n    <\/div>\n<\/section>\n\t\t\t\t<\/div>\n\t\t\t\t<\/div>\n\t\t\t\t<div class=\"elementor-element elementor-element-6ac6e89 elementor-widget elementor-widget-ssr-blocks-images\" data-id=\"6ac6e89\" data-element_type=\"widget\" data-e-type=\"widget\" data-widget_type=\"ssr-blocks-images.default\">\n\t\t\t\t<div class=\"elementor-widget-container\">\n\t\t\t\t\t    <section data-type=\"ssr-blocks-images\" class=\"ssr-blocks-images-section\">\n        <div class=\"container\">\n                            <h2 class=\"h1 title anim-block anim-block-top\">See also<\/h2>\n                            <div class=\"blocks\">\n                                        <a class=\"block anim-block anim-block-rev step-0\" href=\"https:\/\/www.spoldzielniarownosc.pl\/en\/offer\/conference-catering\/coffe-break\/\">\n                                                <div class=\"img\">\n                            <img loading=\"lazy\" decoding=\"async\" width=\"418\" height=\"418\" src=\"https:\/\/www.spoldzielniarownosc.pl\/wp-content\/uploads\/serwis-kawowy.jpg\" class=\"img-tag\" alt=\"\" srcset=\"https:\/\/www.spoldzielniarownosc.pl\/wp-content\/uploads\/serwis-kawowy.jpg 418w, https:\/\/www.spoldzielniarownosc.pl\/wp-content\/uploads\/serwis-kawowy-256x256.jpg 256w\" sizes=\"(max-width: 418px) 100vw, 418px\" \/>                        <\/div>\n                                                <span class=\"desc h6\">Coffe break<\/span>\n                                                <\/a>\n                                                                    <a class=\"block anim-block anim-block-rev step-1\" href=\"https:\/\/www.spoldzielniarownosc.pl\/en\/offer\/conference-catering\/lunch\/\">\n                                                <div class=\"img\">\n                            <img loading=\"lazy\" decoding=\"async\" width=\"418\" height=\"418\" src=\"https:\/\/www.spoldzielniarownosc.pl\/wp-content\/uploads\/lunch.jpg\" class=\"img-tag\" alt=\"\" srcset=\"https:\/\/www.spoldzielniarownosc.pl\/wp-content\/uploads\/lunch.jpg 418w, https:\/\/www.spoldzielniarownosc.pl\/wp-content\/uploads\/lunch-256x256.jpg 256w\" sizes=\"(max-width: 418px) 100vw, 418px\" \/>                        <\/div>\n                                                <span class=\"desc h6\">Lunch<\/span>\n                                                <\/a>\n                                                                    <a class=\"block anim-block anim-block-rev step-2\" href=\"https:\/\/www.spoldzielniarownosc.pl\/en\/offer\/corporate-catering\/business-lunch\/\">\n                                                <div class=\"img\">\n                            <img loading=\"lazy\" decoding=\"async\" width=\"418\" height=\"418\" src=\"https:\/\/www.spoldzielniarownosc.pl\/wp-content\/uploads\/lunch-firmowy.jpg\" class=\"img-tag\" alt=\"\" srcset=\"https:\/\/www.spoldzielniarownosc.pl\/wp-content\/uploads\/lunch-firmowy.jpg 418w, https:\/\/www.spoldzielniarownosc.pl\/wp-content\/uploads\/lunch-firmowy-256x256.jpg 256w\" sizes=\"(max-width: 418px) 100vw, 418px\" \/>                        <\/div>\n                                                <span class=\"desc h6\">Business lunch<\/span>\n                                                <\/a>\n                                                                    <a class=\"block anim-block anim-block-rev step-3\" href=\"https:\/\/www.spoldzielniarownosc.pl\/en\/offer\/holiday-catering\/christmas-eve-catering\/\">\n                                                <div class=\"img\">\n                            <img loading=\"lazy\" decoding=\"async\" width=\"418\" height=\"418\" src=\"https:\/\/www.spoldzielniarownosc.pl\/wp-content\/uploads\/wigilijne-menu.jpg\" class=\"img-tag\" alt=\"\" srcset=\"https:\/\/www.spoldzielniarownosc.pl\/wp-content\/uploads\/wigilijne-menu.jpg 418w, https:\/\/www.spoldzielniarownosc.pl\/wp-content\/uploads\/wigilijne-menu-256x256.jpg 256w\" sizes=\"(max-width: 418px) 100vw, 418px\" \/>                        <\/div>\n                                                <span class=\"desc h6\">Christmas menu<\/span>\n                                                <\/a>\n                                                        <\/div>\n        <\/div>\n    <\/section>\n\n    \t\t\t\t<\/div>\n\t\t\t\t<\/div>\n\t\t\t\t\t<\/div>\n\t\t<\/div>\n\t\t\t\t\t<\/div>\n\t\t<\/section>\n\t\t\t\t<\/div>\n\t\t","protected":false},"excerpt":{"rendered":"<p>Themed breakfast at Your office! <\/p>\n","protected":false},"author":3,"featured_media":1393,"parent":1651,"menu_order":1,"comment_status":"closed","ping_status":"closed","template":"","meta":{"_acf_changed":false,"footnotes":""},"class_list":["post-1630","page","type-page","status-publish","has-post-thumbnail","hentry"],"acf":[],"yoast_head":"<!-- This site is optimized with the Yoast SEO plugin v27.5 - https:\/\/yoast.com\/product\/yoast-seo-wordpress\/ -->\n<title>Breakfast - Catering dla firm i do domu Krak\u00f3w<\/title>\n<meta name=\"robots\" content=\"index, follow, max-snippet:-1, max-image-preview:large, max-video-preview:-1\" \/>\n<link rel=\"canonical\" href=\"https:\/\/www.spoldzielniarownosc.pl\/en\/offer\/corporate-catering\/breakfast\/\" \/>\n<meta property=\"og:locale\" content=\"en_US\" \/>\n<meta property=\"og:type\" content=\"article\" \/>\n<meta property=\"og:title\" content=\"Breakfast - Catering dla firm i do domu Krak\u00f3w\" \/>\n<meta property=\"og:description\" content=\"Themed breakfast at Your office!\" \/>\n<meta property=\"og:url\" content=\"https:\/\/www.spoldzielniarownosc.pl\/en\/offer\/corporate-catering\/breakfast\/\" \/>\n<meta property=\"og:site_name\" content=\"Catering dla firm i do domu Krak\u00f3w\" \/>\n<meta property=\"article:publisher\" content=\"https:\/\/www.instagram.com\/cateringrownosc\/\" \/>\n<meta property=\"article:modified_time\" content=\"2024-04-04T09:26:46+00:00\" \/>\n<meta property=\"og:image\" content=\"https:\/\/www.spoldzielniarownosc.pl\/wp-content\/uploads\/catering-korporacyjny-sniadania-1.jpg\" \/>\n\t<meta property=\"og:image:width\" content=\"1458\" \/>\n\t<meta property=\"og:image:height\" content=\"820\" \/>\n\t<meta property=\"og:image:type\" content=\"image\/jpeg\" \/>\n<meta name=\"twitter:card\" content=\"summary_large_image\" \/>\n<meta name=\"twitter:label1\" content=\"Est. reading time\" \/>\n\t<meta name=\"twitter:data1\" content=\"2 minutes\" \/>\n<!-- \/ Yoast SEO plugin. -->","yoast_head_json":{"title":"Breakfast - Catering dla firm i do domu Krak\u00f3w","robots":{"index":"index","follow":"follow","max-snippet":"max-snippet:-1","max-image-preview":"max-image-preview:large","max-video-preview":"max-video-preview:-1"},"canonical":"https:\/\/www.spoldzielniarownosc.pl\/en\/offer\/corporate-catering\/breakfast\/","og_locale":"en_US","og_type":"article","og_title":"Breakfast - Catering dla firm i do domu Krak\u00f3w","og_description":"Themed breakfast at Your office!","og_url":"https:\/\/www.spoldzielniarownosc.pl\/en\/offer\/corporate-catering\/breakfast\/","og_site_name":"Catering dla firm i do domu Krak\u00f3w","article_publisher":"https:\/\/www.instagram.com\/cateringrownosc\/","article_modified_time":"2024-04-04T09:26:46+00:00","og_image":[{"width":1458,"height":820,"url":"https:\/\/www.spoldzielniarownosc.pl\/wp-content\/uploads\/catering-korporacyjny-sniadania-1.jpg","type":"image\/jpeg"}],"twitter_card":"summary_large_image","twitter_misc":{"Est. reading time":"2 minutes"},"schema":{"@context":"https:\/\/schema.org","@graph":[{"@type":"WebPage","@id":"https:\/\/www.spoldzielniarownosc.pl\/en\/offer\/corporate-catering\/breakfast\/","url":"https:\/\/www.spoldzielniarownosc.pl\/en\/offer\/corporate-catering\/breakfast\/","name":"Breakfast - Catering dla firm i do domu Krak\u00f3w","isPartOf":{"@id":"https:\/\/www.spoldzielniarownosc.pl\/#website"},"primaryImageOfPage":{"@id":"https:\/\/www.spoldzielniarownosc.pl\/en\/offer\/corporate-catering\/breakfast\/#primaryimage"},"image":{"@id":"https:\/\/www.spoldzielniarownosc.pl\/en\/offer\/corporate-catering\/breakfast\/#primaryimage"},"thumbnailUrl":"https:\/\/www.spoldzielniarownosc.pl\/wp-content\/uploads\/catering-korporacyjny-sniadania-1.jpg","datePublished":"2024-03-28T13:58:35+00:00","dateModified":"2024-04-04T09:26:46+00:00","breadcrumb":{"@id":"https:\/\/www.spoldzielniarownosc.pl\/en\/offer\/corporate-catering\/breakfast\/#breadcrumb"},"inLanguage":"en-US","potentialAction":[{"@type":"ReadAction","target":["https:\/\/www.spoldzielniarownosc.pl\/en\/offer\/corporate-catering\/breakfast\/"]}]},{"@type":"ImageObject","inLanguage":"en-US","@id":"https:\/\/www.spoldzielniarownosc.pl\/en\/offer\/corporate-catering\/breakfast\/#primaryimage","url":"https:\/\/www.spoldzielniarownosc.pl\/wp-content\/uploads\/catering-korporacyjny-sniadania-1.jpg","contentUrl":"https:\/\/www.spoldzielniarownosc.pl\/wp-content\/uploads\/catering-korporacyjny-sniadania-1.jpg","width":1458,"height":820,"caption":"catering \u015bniadaniowy krak\u00f3w"},{"@type":"BreadcrumbList","@id":"https:\/\/www.spoldzielniarownosc.pl\/en\/offer\/corporate-catering\/breakfast\/#breadcrumb","itemListElement":[{"@type":"ListItem","position":1,"name":"Strona g\u0142\u00f3wna","item":"https:\/\/www.spoldzielniarownosc.pl\/en\/"},{"@type":"ListItem","position":2,"name":"Offer","item":"https:\/\/www.spoldzielniarownosc.pl\/en\/offer\/"},{"@type":"ListItem","position":3,"name":"Corporate catering","item":"https:\/\/www.spoldzielniarownosc.pl\/en\/offer\/corporate-catering\/"},{"@type":"ListItem","position":4,"name":"Breakfast"}]},{"@type":"WebSite","@id":"https:\/\/www.spoldzielniarownosc.pl\/#website","url":"https:\/\/www.spoldzielniarownosc.pl\/","name":"Catering Krak\u00f3w","description":"Sp\u00f3\u0142dzielnia Socjalna R\u00f3wno\u015b\u0107","publisher":{"@id":"https:\/\/www.spoldzielniarownosc.pl\/#organization"},"potentialAction":[{"@type":"SearchAction","target":{"@type":"EntryPoint","urlTemplate":"https:\/\/www.spoldzielniarownosc.pl\/?s={search_term_string}"},"query-input":{"@type":"PropertyValueSpecification","valueRequired":true,"valueName":"search_term_string"}}],"inLanguage":"en-US"},{"@type":"Organization","@id":"https:\/\/www.spoldzielniarownosc.pl\/#organization","name":"Sp\u00f3\u0142dzielnia Socjalna R\u00f3wno\u015b\u0107","url":"https:\/\/www.spoldzielniarownosc.pl\/","logo":{"@type":"ImageObject","inLanguage":"en-US","@id":"https:\/\/www.spoldzielniarownosc.pl\/#\/schema\/logo\/image\/","url":"https:\/\/www.spoldzielniarownosc.pl\/wp-content\/uploads\/ssr-symbol-black-scaled.jpg","contentUrl":"https:\/\/www.spoldzielniarownosc.pl\/wp-content\/uploads\/ssr-symbol-black-scaled.jpg","width":1986,"height":2560,"caption":"Sp\u00f3\u0142dzielnia Socjalna R\u00f3wno\u015b\u0107"},"image":{"@id":"https:\/\/www.spoldzielniarownosc.pl\/#\/schema\/logo\/image\/"},"sameAs":["https:\/\/www.instagram.com\/cateringrownosc\/","https:\/\/it.pinterest.com\/cateringrownosc\/"]}]}},"_links":{"self":[{"href":"https:\/\/www.spoldzielniarownosc.pl\/en\/wp-json\/wp\/v2\/pages\/1630","targetHints":{"allow":["GET"]}}],"collection":[{"href":"https:\/\/www.spoldzielniarownosc.pl\/en\/wp-json\/wp\/v2\/pages"}],"about":[{"href":"https:\/\/www.spoldzielniarownosc.pl\/en\/wp-json\/wp\/v2\/types\/page"}],"author":[{"embeddable":true,"href":"https:\/\/www.spoldzielniarownosc.pl\/en\/wp-json\/wp\/v2\/users\/3"}],"replies":[{"embeddable":true,"href":"https:\/\/www.spoldzielniarownosc.pl\/en\/wp-json\/wp\/v2\/comments?post=1630"}],"version-history":[{"count":7,"href":"https:\/\/www.spoldzielniarownosc.pl\/en\/wp-json\/wp\/v2\/pages\/1630\/revisions"}],"predecessor-version":[{"id":2510,"href":"https:\/\/www.spoldzielniarownosc.pl\/en\/wp-json\/wp\/v2\/pages\/1630\/revisions\/2510"}],"up":[{"embeddable":true,"href":"https:\/\/www.spoldzielniarownosc.pl\/en\/wp-json\/wp\/v2\/pages\/1651"}],"wp:featuredmedia":[{"embeddable":true,"href":"https:\/\/www.spoldzielniarownosc.pl\/en\/wp-json\/wp\/v2\/media\/1393"}],"wp:attachment":[{"href":"https:\/\/www.spoldzielniarownosc.pl\/en\/wp-json\/wp\/v2\/media?parent=1630"}],"curies":[{"name":"wp","href":"https:\/\/api.w.org\/{rel}","templated":true}]}}