{"id":1635,"date":"2024-03-28T11:26:08","date_gmt":"2024-03-28T10:26:08","guid":{"rendered":"https:\/\/www.spoldzielniarownosc.pl\/obiad-doktorski\/"},"modified":"2024-04-04T12:11:21","modified_gmt":"2024-04-04T10:11:21","slug":"phd-lunch","status":"publish","type":"page","link":"https:\/\/www.spoldzielniarownosc.pl\/en\/offer\/special-occasion\/phd-lunch\/","title":{"rendered":"Phd lunch"},"content":{"rendered":"\t\t<div data-elementor-type=\"wp-page\" data-elementor-id=\"1635\" class=\"elementor elementor-1635 elementor-703\">\n\t\t\t\t\t\t<section class=\"elementor-section elementor-top-section elementor-element elementor-element-f126f14 elementor-section-boxed elementor-section-height-default elementor-section-height-default\" data-id=\"f126f14\" data-element_type=\"section\" data-e-type=\"section\">\n\t\t\t\t\t\t<div class=\"elementor-container elementor-column-gap-default\">\n\t\t\t\t\t<div class=\"elementor-column elementor-col-100 elementor-top-column elementor-element elementor-element-86549d3\" data-id=\"86549d3\" data-element_type=\"column\" data-e-type=\"column\">\n\t\t\t<div class=\"elementor-widget-wrap elementor-element-populated\">\n\t\t\t\t\t\t<div class=\"elementor-element elementor-element-44d63ac elementor-widget elementor-widget-ssr-header\" data-id=\"44d63ac\" data-element_type=\"widget\" data-e-type=\"widget\" data-widget_type=\"ssr-header.default\">\n\t\t\t\t<div class=\"elementor-widget-container\">\n\t\t\t\t\t<section data-type=\"ssr-header\" class=\"ssr-header-section\">\n    <div class=\"container\">\n                    <h1 class=\"h1 title anim-block anim-block-bottom\">PhD lunch<\/h1>\n                                <div class=\"subtitle anim-block anim-block-bottom\">at our premises or with delivery<\/div>\n                <\/div>\n<\/section>\n\t\t\t\t<\/div>\n\t\t\t\t<\/div>\n\t\t\t\t\t<\/div>\n\t\t<\/div>\n\t\t\t\t\t<\/div>\n\t\t<\/section>\n\t\t\t\t<section class=\"elementor-section elementor-top-section elementor-element elementor-element-45545df elementor-section-boxed elementor-section-height-default elementor-section-height-default\" data-id=\"45545df\" data-element_type=\"section\" data-e-type=\"section\">\n\t\t\t\t\t\t<div class=\"elementor-container elementor-column-gap-default\">\n\t\t\t\t\t<div class=\"elementor-column elementor-col-100 elementor-top-column elementor-element elementor-element-66158e7\" data-id=\"66158e7\" data-element_type=\"column\" data-e-type=\"column\">\n\t\t\t<div class=\"elementor-widget-wrap elementor-element-populated\">\n\t\t\t\t\t\t<div class=\"elementor-element elementor-element-a663a4e elementor-widget elementor-widget-ssr-text-image\" data-id=\"a663a4e\" data-element_type=\"widget\" data-e-type=\"widget\" data-widget_type=\"ssr-text-image.default\">\n\t\t\t\t<div class=\"elementor-widget-container\">\n\t\t\t\t\t<section data-type=\"ssr-text-image\" class=\"ssr-text-image-section img-pos-1 style-2\">\n    <div class=\"container\">\n        <div class=\"grid\">\n                        <div class=\"img-block anim-block anim-block-bottom img-prop-4\">\n\t\t        <img fetchpriority=\"high\" decoding=\"async\" width=\"678\" height=\"452\" src=\"https:\/\/www.spoldzielniarownosc.pl\/wp-content\/uploads\/jordan-arnold-Ul07QK2AR-0-unsplash-678x452.jpg\" class=\"img\" alt=\"obiad po obronie\" srcset=\"https:\/\/www.spoldzielniarownosc.pl\/wp-content\/uploads\/jordan-arnold-Ul07QK2AR-0-unsplash-678x452.jpg 678w, https:\/\/www.spoldzielniarownosc.pl\/wp-content\/uploads\/jordan-arnold-Ul07QK2AR-0-unsplash-1230x820.jpg 1230w, https:\/\/www.spoldzielniarownosc.pl\/wp-content\/uploads\/jordan-arnold-Ul07QK2AR-0-unsplash-768x512.jpg 768w, https:\/\/www.spoldzielniarownosc.pl\/wp-content\/uploads\/jordan-arnold-Ul07QK2AR-0-unsplash-1536x1024.jpg 1536w, https:\/\/www.spoldzielniarownosc.pl\/wp-content\/uploads\/jordan-arnold-Ul07QK2AR-0-unsplash-2048x1365.jpg 2048w, https:\/\/www.spoldzielniarownosc.pl\/wp-content\/uploads\/jordan-arnold-Ul07QK2AR-0-unsplash-256x171.jpg 256w\" sizes=\"(max-width: 678px) 100vw, 678px\" \/>            <\/div>\n            <div class=\"content anim-block anim-block-top\">\n\t\t        \t\t                            <h4 class=\"h5 subtitle\">Order an exquisite menu for a&nbsp;doctor's lunch<\/h4>\n\t\t\t        \t\t                            <div class=\"text\"><p>Elegantly set table, aesthetically presented menu and professional waiter service. This is what dinner might look like after defending your doctorate!<\/p>\n<\/div>\n\t\t\t        <a class=\"btn type-1\" href=\"https:\/\/www.spoldzielniarownosc.pl\/en\/contact\/\"><span>Order<\/span><\/a>            <\/div>\n        <\/div>\n    <\/div>\n<\/section>\n\t\t\t\t<\/div>\n\t\t\t\t<\/div>\n\t\t\t\t<div class=\"elementor-element elementor-element-9704e2e elementor-widget elementor-widget-ssr-text-image\" data-id=\"9704e2e\" data-element_type=\"widget\" data-e-type=\"widget\" data-widget_type=\"ssr-text-image.default\">\n\t\t\t\t<div class=\"elementor-widget-container\">\n\t\t\t\t\t<section data-type=\"ssr-text-image\" class=\"ssr-text-image-section img-pos-2 style-1\">\n    <div class=\"container\">\n        <div class=\"grid\">\n                        <div class=\"img-block anim-block anim-block-bottom img-prop-4\">\n\t\t        <img decoding=\"async\" width=\"678\" height=\"484\" src=\"https:\/\/www.spoldzielniarownosc.pl\/wp-content\/uploads\/Catering-Rownosc-gorace-dania-52-1-678x484.jpg\" class=\"img\" alt=\"obiad po obronie doktoratu\" srcset=\"https:\/\/www.spoldzielniarownosc.pl\/wp-content\/uploads\/Catering-Rownosc-gorace-dania-52-1-678x484.jpg 678w, https:\/\/www.spoldzielniarownosc.pl\/wp-content\/uploads\/Catering-Rownosc-gorace-dania-52-1-1148x820.jpg 1148w, https:\/\/www.spoldzielniarownosc.pl\/wp-content\/uploads\/Catering-Rownosc-gorace-dania-52-1-768x549.jpg 768w, https:\/\/www.spoldzielniarownosc.pl\/wp-content\/uploads\/Catering-Rownosc-gorace-dania-52-1-1536x1097.jpg 1536w, https:\/\/www.spoldzielniarownosc.pl\/wp-content\/uploads\/Catering-Rownosc-gorace-dania-52-1-2048x1463.jpg 2048w, https:\/\/www.spoldzielniarownosc.pl\/wp-content\/uploads\/Catering-Rownosc-gorace-dania-52-1-256x183.jpg 256w\" sizes=\"(max-width: 678px) 100vw, 678px\" \/>            <\/div>\n            <div class=\"content anim-block anim-block-top\">\n\t\t                            <h2 class=\"h3 title\">Intimate PhD dinner<\/h2>\n\t\t\t        \t\t        \t\t                            <div class=\"text\"><p>Is there a&nbsp;big event coming up in your academic life? If so, you are certainly planning a&nbsp;doctoral dinner to which you will invite people who are important to you. Your family and people important to your academic career will sit right next to you. Let us make this day memorable not only for its scientific achievements, but also for its unique culinary experience. You can come to our place for dinner with our guests. We can also come to your university.<\/p>\n<\/div>\n\t\t\t                    <\/div>\n        <\/div>\n    <\/div>\n<\/section>\n\t\t\t\t<\/div>\n\t\t\t\t<\/div>\n\t\t\t\t<div class=\"elementor-element elementor-element-3b0f988 elementor-widget elementor-widget-ssr-text-image\" data-id=\"3b0f988\" data-element_type=\"widget\" data-e-type=\"widget\" data-widget_type=\"ssr-text-image.default\">\n\t\t\t\t<div class=\"elementor-widget-container\">\n\t\t\t\t\t<section data-type=\"ssr-text-image\" class=\"ssr-text-image-section img-pos-1 style-1\">\n    <div class=\"container\">\n        <div class=\"grid\">\n                        <div class=\"img-block anim-block anim-block-bottom img-prop-4\">\n\t\t        <img decoding=\"async\" width=\"678\" height=\"484\" src=\"https:\/\/www.spoldzielniarownosc.pl\/wp-content\/uploads\/Catering-Rownosc-gorace-dania-106-678x484.jpg\" class=\"img\" alt=\"catering na obiad po obronie\" srcset=\"https:\/\/www.spoldzielniarownosc.pl\/wp-content\/uploads\/Catering-Rownosc-gorace-dania-106-678x484.jpg 678w, https:\/\/www.spoldzielniarownosc.pl\/wp-content\/uploads\/Catering-Rownosc-gorace-dania-106-1148x820.jpg 1148w, https:\/\/www.spoldzielniarownosc.pl\/wp-content\/uploads\/Catering-Rownosc-gorace-dania-106-768x549.jpg 768w, https:\/\/www.spoldzielniarownosc.pl\/wp-content\/uploads\/Catering-Rownosc-gorace-dania-106-1536x1097.jpg 1536w, https:\/\/www.spoldzielniarownosc.pl\/wp-content\/uploads\/Catering-Rownosc-gorace-dania-106-2048x1463.jpg 2048w, https:\/\/www.spoldzielniarownosc.pl\/wp-content\/uploads\/Catering-Rownosc-gorace-dania-106-256x183.jpg 256w\" sizes=\"(max-width: 678px) 100vw, 678px\" \/>            <\/div>\n            <div class=\"content anim-block anim-block-top\">\n\t\t                            <h2 class=\"h3 title\">We can prepare something special for you<\/h2>\n\t\t\t        \t\t        \t\t                            <div class=\"text\"><p>An intimate dinner for the doctoral committee, family, colleagues and friends is always a&nbsp;good idea. To start with, we can offer a&nbsp;glass of champagne to celebrate this important moment of the doctoral defense. It is worth starting dinner with an appetizer, then moving on to soup and, on the second day, dessert.<\/p>\n<\/div>\n\t\t\t                    <\/div>\n        <\/div>\n    <\/div>\n<\/section>\n\t\t\t\t<\/div>\n\t\t\t\t<\/div>\n\t\t\t\t<div class=\"elementor-element elementor-element-e0d39ab elementor-widget elementor-widget-ssr-cta\" data-id=\"e0d39ab\" data-element_type=\"widget\" data-e-type=\"widget\" data-widget_type=\"ssr-cta.default\">\n\t\t\t\t<div class=\"elementor-widget-container\">\n\t\t\t\t\t<section data-type=\"ssr-cta\" class=\"ssr-cta-section anim-block anim-block-opac\">\n    <div class=\"container\">\n        <div class=\"grid container-in\">\n            <div class=\"content\">\n                                    <h3 class=\"h3 title\">Want to know more?<\/h3>\n                                                        <div class=\"text\"><p>Order an intimate PhD dinner for colleagues and friends.<\/p>\n<\/div>\n                                <\/div>\n            <div class=\"btns\">\n                <a class=\"btn type-1\" href=\"https:\/\/www.spoldzielniarownosc.pl\/en\/contact\/\"><span>Contact<\/span><\/a>            <\/div>\n            <div class=\"img-block\">\n                <img loading=\"lazy\" decoding=\"async\" width=\"678\" height=\"484\" src=\"https:\/\/www.spoldzielniarownosc.pl\/wp-content\/uploads\/Catering-Rownosc-gorace-dania-83-678x484.jpg\" class=\"img\" alt=\"\" srcset=\"https:\/\/www.spoldzielniarownosc.pl\/wp-content\/uploads\/Catering-Rownosc-gorace-dania-83-678x484.jpg 678w, https:\/\/www.spoldzielniarownosc.pl\/wp-content\/uploads\/Catering-Rownosc-gorace-dania-83-1148x820.jpg 1148w, https:\/\/www.spoldzielniarownosc.pl\/wp-content\/uploads\/Catering-Rownosc-gorace-dania-83-768x549.jpg 768w, https:\/\/www.spoldzielniarownosc.pl\/wp-content\/uploads\/Catering-Rownosc-gorace-dania-83-1536x1097.jpg 1536w, https:\/\/www.spoldzielniarownosc.pl\/wp-content\/uploads\/Catering-Rownosc-gorace-dania-83-2048x1463.jpg 2048w, https:\/\/www.spoldzielniarownosc.pl\/wp-content\/uploads\/Catering-Rownosc-gorace-dania-83-256x183.jpg 256w\" sizes=\"(max-width: 678px) 100vw, 678px\" \/>            <\/div>\n        <\/div>\n    <\/div>\n<\/section>\n\t\t\t\t<\/div>\n\t\t\t\t<\/div>\n\t\t\t\t<div class=\"elementor-element elementor-element-6ac6e89 elementor-widget elementor-widget-ssr-blocks-images\" data-id=\"6ac6e89\" data-element_type=\"widget\" data-e-type=\"widget\" data-widget_type=\"ssr-blocks-images.default\">\n\t\t\t\t<div class=\"elementor-widget-container\">\n\t\t\t\t\t    <section data-type=\"ssr-blocks-images\" class=\"ssr-blocks-images-section\">\n        <div class=\"container\">\n                            <h2 class=\"h1 title anim-block anim-block-top\">See also<\/h2>\n                            <div class=\"blocks\">\n                                        <a class=\"block anim-block anim-block-rev step-0\" href=\"https:\/\/www.spoldzielniarownosc.pl\/en\/offer\/conference-catering\/coffe-break\/\">\n                                                <div class=\"img\">\n                            <img loading=\"lazy\" decoding=\"async\" width=\"418\" height=\"418\" src=\"https:\/\/www.spoldzielniarownosc.pl\/wp-content\/uploads\/serwis-kawowy.jpg\" class=\"img-tag\" alt=\"\" srcset=\"https:\/\/www.spoldzielniarownosc.pl\/wp-content\/uploads\/serwis-kawowy.jpg 418w, https:\/\/www.spoldzielniarownosc.pl\/wp-content\/uploads\/serwis-kawowy-256x256.jpg 256w\" sizes=\"(max-width: 418px) 100vw, 418px\" \/>                        <\/div>\n                                                <span class=\"desc h6\">Coffe break<\/span>\n                                                <\/a>\n                                                                    <a class=\"block anim-block anim-block-rev step-1\" href=\"https:\/\/www.spoldzielniarownosc.pl\/en\/offer\/conference-catering\/lunch\/\">\n                                                <div class=\"img\">\n                            <img loading=\"lazy\" decoding=\"async\" width=\"418\" height=\"418\" src=\"https:\/\/www.spoldzielniarownosc.pl\/wp-content\/uploads\/lunch.jpg\" class=\"img-tag\" alt=\"\" srcset=\"https:\/\/www.spoldzielniarownosc.pl\/wp-content\/uploads\/lunch.jpg 418w, https:\/\/www.spoldzielniarownosc.pl\/wp-content\/uploads\/lunch-256x256.jpg 256w\" sizes=\"(max-width: 418px) 100vw, 418px\" \/>                        <\/div>\n                                                <span class=\"desc h6\">Lunch<\/span>\n                                                <\/a>\n                                                                    <a class=\"block anim-block anim-block-rev step-2\" href=\"https:\/\/www.spoldzielniarownosc.pl\/en\/offer\/corporate-catering\/business-lunch\/\">\n                                                <div class=\"img\">\n                            <img loading=\"lazy\" decoding=\"async\" width=\"418\" height=\"418\" src=\"https:\/\/www.spoldzielniarownosc.pl\/wp-content\/uploads\/lunch-firmowy.jpg\" class=\"img-tag\" alt=\"\" srcset=\"https:\/\/www.spoldzielniarownosc.pl\/wp-content\/uploads\/lunch-firmowy.jpg 418w, https:\/\/www.spoldzielniarownosc.pl\/wp-content\/uploads\/lunch-firmowy-256x256.jpg 256w\" sizes=\"(max-width: 418px) 100vw, 418px\" \/>                        <\/div>\n                                                <span class=\"desc h6\">Business lunch<\/span>\n                                                <\/a>\n                                                                    <a class=\"block anim-block anim-block-rev step-3\" href=\"https:\/\/www.spoldzielniarownosc.pl\/en\/offer\/holiday-catering\/christmas-eve-catering\/\">\n                                                <div class=\"img\">\n                            <img loading=\"lazy\" decoding=\"async\" width=\"418\" height=\"418\" src=\"https:\/\/www.spoldzielniarownosc.pl\/wp-content\/uploads\/wigilijne-menu.jpg\" class=\"img-tag\" alt=\"\" srcset=\"https:\/\/www.spoldzielniarownosc.pl\/wp-content\/uploads\/wigilijne-menu.jpg 418w, https:\/\/www.spoldzielniarownosc.pl\/wp-content\/uploads\/wigilijne-menu-256x256.jpg 256w\" sizes=\"(max-width: 418px) 100vw, 418px\" \/>                        <\/div>\n                                                <span class=\"desc h6\">Christmas menu<\/span>\n                                                <\/a>\n                                                        <\/div>\n        <\/div>\n    <\/section>\n\n    \t\t\t\t<\/div>\n\t\t\t\t<\/div>\n\t\t\t\t\t<\/div>\n\t\t<\/div>\n\t\t\t\t\t<\/div>\n\t\t<\/section>\n\t\t\t\t<\/div>\n\t\t","protected":false},"excerpt":{"rendered":"<p>Unique catering for your most important family moments<\/p>\n","protected":false},"author":3,"featured_media":1502,"parent":1647,"menu_order":2,"comment_status":"closed","ping_status":"closed","template":"","meta":{"_acf_changed":false,"footnotes":""},"class_list":["post-1635","page","type-page","status-publish","has-post-thumbnail","hentry"],"acf":[],"yoast_head":"<!-- This site is optimized with the Yoast SEO plugin v27.4 - https:\/\/yoast.com\/product\/yoast-seo-wordpress\/ -->\n<title>Phd lunch - Catering dla firm i do domu Krak\u00f3w<\/title>\n<meta name=\"robots\" content=\"index, follow, max-snippet:-1, max-image-preview:large, max-video-preview:-1\" \/>\n<link rel=\"canonical\" href=\"https:\/\/www.spoldzielniarownosc.pl\/oferta\/catering-okolicznosciowy\/obiad-doktorski\/\" \/>\n<meta property=\"og:locale\" content=\"en_US\" \/>\n<meta property=\"og:type\" content=\"article\" \/>\n<meta property=\"og:title\" content=\"Phd lunch - Catering dla firm i do domu Krak\u00f3w\" \/>\n<meta property=\"og:description\" content=\"Unique catering for your most important family moments\" \/>\n<meta property=\"og:url\" content=\"https:\/\/www.spoldzielniarownosc.pl\/oferta\/catering-okolicznosciowy\/obiad-doktorski\/\" \/>\n<meta property=\"og:site_name\" content=\"Catering dla firm i do domu Krak\u00f3w\" \/>\n<meta property=\"article:publisher\" content=\"https:\/\/www.instagram.com\/cateringrownosc\/\" \/>\n<meta property=\"article:modified_time\" content=\"2024-04-04T10:11:21+00:00\" \/>\n<meta property=\"og:image\" content=\"https:\/\/www.spoldzielniarownosc.pl\/wp-content\/uploads\/jordan-arnold-Ul07QK2AR-0-unsplash-scaled.jpg\" \/>\n\t<meta property=\"og:image:width\" content=\"2560\" \/>\n\t<meta property=\"og:image:height\" content=\"1707\" \/>\n\t<meta property=\"og:image:type\" content=\"image\/jpeg\" \/>\n<meta name=\"twitter:card\" content=\"summary_large_image\" \/>\n<meta name=\"twitter:label1\" content=\"Est. reading time\" \/>\n\t<meta name=\"twitter:data1\" content=\"1 minute\" \/>\n<!-- \/ Yoast SEO plugin. -->","yoast_head_json":{"title":"Phd lunch - Catering dla firm i do domu Krak\u00f3w","robots":{"index":"index","follow":"follow","max-snippet":"max-snippet:-1","max-image-preview":"max-image-preview:large","max-video-preview":"max-video-preview:-1"},"canonical":"https:\/\/www.spoldzielniarownosc.pl\/oferta\/catering-okolicznosciowy\/obiad-doktorski\/","og_locale":"en_US","og_type":"article","og_title":"Phd lunch - Catering dla firm i do domu Krak\u00f3w","og_description":"Unique catering for your most important family moments","og_url":"https:\/\/www.spoldzielniarownosc.pl\/oferta\/catering-okolicznosciowy\/obiad-doktorski\/","og_site_name":"Catering dla firm i do domu Krak\u00f3w","article_publisher":"https:\/\/www.instagram.com\/cateringrownosc\/","article_modified_time":"2024-04-04T10:11:21+00:00","og_image":[{"width":2560,"height":1707,"url":"https:\/\/www.spoldzielniarownosc.pl\/wp-content\/uploads\/jordan-arnold-Ul07QK2AR-0-unsplash-scaled.jpg","type":"image\/jpeg"}],"twitter_card":"summary_large_image","twitter_misc":{"Est. reading time":"1 minute"},"schema":{"@context":"https:\/\/schema.org","@graph":[{"@type":"WebPage","@id":"https:\/\/www.spoldzielniarownosc.pl\/oferta\/catering-okolicznosciowy\/obiad-doktorski\/","url":"https:\/\/www.spoldzielniarownosc.pl\/oferta\/catering-okolicznosciowy\/obiad-doktorski\/","name":"Phd lunch - Catering dla firm i do domu Krak\u00f3w","isPartOf":{"@id":"https:\/\/www.spoldzielniarownosc.pl\/#website"},"primaryImageOfPage":{"@id":"https:\/\/www.spoldzielniarownosc.pl\/oferta\/catering-okolicznosciowy\/obiad-doktorski\/#primaryimage"},"image":{"@id":"https:\/\/www.spoldzielniarownosc.pl\/oferta\/catering-okolicznosciowy\/obiad-doktorski\/#primaryimage"},"thumbnailUrl":"https:\/\/www.spoldzielniarownosc.pl\/wp-content\/uploads\/jordan-arnold-Ul07QK2AR-0-unsplash-scaled.jpg","datePublished":"2024-03-28T10:26:08+00:00","dateModified":"2024-04-04T10:11:21+00:00","breadcrumb":{"@id":"https:\/\/www.spoldzielniarownosc.pl\/oferta\/catering-okolicznosciowy\/obiad-doktorski\/#breadcrumb"},"inLanguage":"en-US","potentialAction":[{"@type":"ReadAction","target":["https:\/\/www.spoldzielniarownosc.pl\/oferta\/catering-okolicznosciowy\/obiad-doktorski\/"]}]},{"@type":"ImageObject","inLanguage":"en-US","@id":"https:\/\/www.spoldzielniarownosc.pl\/oferta\/catering-okolicznosciowy\/obiad-doktorski\/#primaryimage","url":"https:\/\/www.spoldzielniarownosc.pl\/wp-content\/uploads\/jordan-arnold-Ul07QK2AR-0-unsplash-scaled.jpg","contentUrl":"https:\/\/www.spoldzielniarownosc.pl\/wp-content\/uploads\/jordan-arnold-Ul07QK2AR-0-unsplash-scaled.jpg","width":2560,"height":1707,"caption":"obiad po obronie"},{"@type":"BreadcrumbList","@id":"https:\/\/www.spoldzielniarownosc.pl\/oferta\/catering-okolicznosciowy\/obiad-doktorski\/#breadcrumb","itemListElement":[{"@type":"ListItem","position":1,"name":"Strona g\u0142\u00f3wna","item":"https:\/\/www.spoldzielniarownosc.pl\/en\/"},{"@type":"ListItem","position":2,"name":"Offer","item":"https:\/\/www.spoldzielniarownosc.pl\/en\/offer\/"},{"@type":"ListItem","position":3,"name":"Special occasion","item":"https:\/\/www.spoldzielniarownosc.pl\/en\/offer\/special-occasion\/"},{"@type":"ListItem","position":4,"name":"Phd lunch"}]},{"@type":"WebSite","@id":"https:\/\/www.spoldzielniarownosc.pl\/#website","url":"https:\/\/www.spoldzielniarownosc.pl\/","name":"Catering Krak\u00f3w","description":"Sp\u00f3\u0142dzielnia Socjalna R\u00f3wno\u015b\u0107","publisher":{"@id":"https:\/\/www.spoldzielniarownosc.pl\/#organization"},"potentialAction":[{"@type":"SearchAction","target":{"@type":"EntryPoint","urlTemplate":"https:\/\/www.spoldzielniarownosc.pl\/?s={search_term_string}"},"query-input":{"@type":"PropertyValueSpecification","valueRequired":true,"valueName":"search_term_string"}}],"inLanguage":"en-US"},{"@type":"Organization","@id":"https:\/\/www.spoldzielniarownosc.pl\/#organization","name":"Sp\u00f3\u0142dzielnia Socjalna R\u00f3wno\u015b\u0107","url":"https:\/\/www.spoldzielniarownosc.pl\/","logo":{"@type":"ImageObject","inLanguage":"en-US","@id":"https:\/\/www.spoldzielniarownosc.pl\/#\/schema\/logo\/image\/","url":"https:\/\/www.spoldzielniarownosc.pl\/wp-content\/uploads\/ssr-symbol-black-scaled.jpg","contentUrl":"https:\/\/www.spoldzielniarownosc.pl\/wp-content\/uploads\/ssr-symbol-black-scaled.jpg","width":1986,"height":2560,"caption":"Sp\u00f3\u0142dzielnia Socjalna R\u00f3wno\u015b\u0107"},"image":{"@id":"https:\/\/www.spoldzielniarownosc.pl\/#\/schema\/logo\/image\/"},"sameAs":["https:\/\/www.instagram.com\/cateringrownosc\/","https:\/\/it.pinterest.com\/cateringrownosc\/"]}]}},"_links":{"self":[{"href":"https:\/\/www.spoldzielniarownosc.pl\/en\/wp-json\/wp\/v2\/pages\/1635","targetHints":{"allow":["GET"]}}],"collection":[{"href":"https:\/\/www.spoldzielniarownosc.pl\/en\/wp-json\/wp\/v2\/pages"}],"about":[{"href":"https:\/\/www.spoldzielniarownosc.pl\/en\/wp-json\/wp\/v2\/types\/page"}],"author":[{"embeddable":true,"href":"https:\/\/www.spoldzielniarownosc.pl\/en\/wp-json\/wp\/v2\/users\/3"}],"replies":[{"embeddable":true,"href":"https:\/\/www.spoldzielniarownosc.pl\/en\/wp-json\/wp\/v2\/comments?post=1635"}],"version-history":[{"count":4,"href":"https:\/\/www.spoldzielniarownosc.pl\/en\/wp-json\/wp\/v2\/pages\/1635\/revisions"}],"predecessor-version":[{"id":2581,"href":"https:\/\/www.spoldzielniarownosc.pl\/en\/wp-json\/wp\/v2\/pages\/1635\/revisions\/2581"}],"up":[{"embeddable":true,"href":"https:\/\/www.spoldzielniarownosc.pl\/en\/wp-json\/wp\/v2\/pages\/1647"}],"wp:featuredmedia":[{"embeddable":true,"href":"https:\/\/www.spoldzielniarownosc.pl\/en\/wp-json\/wp\/v2\/media\/1502"}],"wp:attachment":[{"href":"https:\/\/www.spoldzielniarownosc.pl\/en\/wp-json\/wp\/v2\/media?parent=1635"}],"curies":[{"name":"wp","href":"https:\/\/api.w.org\/{rel}","templated":true}]}}